{"id":2531,"date":"2014-03-10T20:30:58","date_gmt":"2014-03-10T20:30:58","guid":{"rendered":"http:\/\/coralparadise.com\/home-2\/"},"modified":"2023-02-22T22:13:38","modified_gmt":"2023-02-22T22:13:38","slug":"home","status":"publish","type":"page","link":"https:\/\/coralparadise.com\/fr\/","title":{"rendered":"H\u00f4tel pour amoureux de plong\u00e9e sous-marine \u00e0 Bonaire"},"content":{"rendered":"\n\t\t\t<!-- START Vimeo Hero REVOLUTION SLIDER 6.6.10 --><p class=\"rs-p-wp-fix\"><\/p>\n\t\t\t<rs-module-wrap id=\"rev_slider_2_1_wrapper\" data-source=\"gallery\" style=\"visibility:hidden;background:transparent;padding:0;margin:0px auto;margin-top:0;margin-bottom:0;\">\n\t\t\t\t<rs-module id=\"rev_slider_2_1\" style=\"\" data-version=\"6.6.10\">\n\t\t\t\t\t<rs-slides style=\"overflow: hidden; position: absolute;\">\n\t\t\t\t\t\t<rs-slide style=\"position: absolute;\" data-key=\"rs-2\" data-title=\"Intro\" data-linktoslide=\"2\" data-seoz=\"front\" data-anim=\"ms:3000;\" data-in=\"o:-0.5;sx:1.6;sy:1.6;e:power0.inOut;\" data-out=\"o:0;sx:0.6;sy:0.6;e:power3.inOut;\">\n\t\t\t\t\t\t\t<img src=\"\/\/coralparadise.com\/wp-content\/plugins\/revslider\/public\/assets\/assets\/dummy.png\" alt=\"\" title=\"H\u00f4tel pour amoureux de plong\u00e9e sous-marine \u00e0 Bonaire\" class=\"rev-slidebg tp-rs-img rs-lazyload\" data-lazyload=\"\/\/coralparadise.com\/wp-content\/uploads\/2017\/08\/CoralParadise-22-1.jpg\" data-parallax=\"10\" data-no-retina>\n\t\t\t\t\t\t\t<rs-bgvideo \n\t\t\t\t\t\t\t\tdata-video=\"vc:none;w:100%;h:100%;sta:00:00;end:00:19;nse:false;rwd:false;l:loopandnoslidestop;ptimer:false;\"\n\t\t\t\t\t\t\t\tdata-ytid=\"UK0ILDo60r0\"\n\t\t\t\t\t\t\t\tdata-vatr=\"version=3&amp;enablejsapi=1&amp;html5=1&amp;hd=1&amp;wmode=opaque&amp;showinfo=0&amp;rel=0&amp;origin=https:\/\/coralparadise.com;\"\n\t\t\t\t\t\t\t><\/rs-bgvideo>\n<!--\n\t\t\t\t\t\t\t--><rs-layer\n\t\t\t\t\t\t\t\tid=\"slider-2-slide-2-layer-10\" \n\t\t\t\t\t\t\t\tclass=\"tp-shape tp-shapewrapper\"\n\t\t\t\t\t\t\t\tdata-type=\"shape\"\n\t\t\t\t\t\t\t\tdata-xy=\"x:c;y:m;\"\n\t\t\t\t\t\t\t\tdata-text=\"fw:800;\"\n\t\t\t\t\t\t\t\tdata-dim=\"w:100%;h:100%;\"\n\t\t\t\t\t\t\t\tdata-basealign=\"slide\"\n\t\t\t\t\t\t\t\tdata-rsp_bd=\"off\"\n\t\t\t\t\t\t\t\tdata-frame_0=\"tp:600;\"\n\t\t\t\t\t\t\t\tdata-frame_1=\"tp:600;st:750;sp:1500;sR:750;\"\n\t\t\t\t\t\t\t\tdata-frame_999=\"tp:600;e:nothing;st:w;sR:6750;\"\n\t\t\t\t\t\t\t\tstyle=\"z-index:5;background-color:rgba(0,0,0,0.25);\"\n\t\t\t\t\t\t\t> \n\t\t\t\t\t\t\t<\/rs-layer><!--\n\n\t\t\t\t\t\t\t--><rs-layer\n\t\t\t\t\t\t\t\tid=\"slider-2-slide-2-layer-1\" \n\t\t\t\t\t\t\t\tclass=\"Video-Title\"\n\t\t\t\t\t\t\t\tdata-type=\"text\"\n\t\t\t\t\t\t\t\tdata-color=\"rgba(255, 255, 255, 1)||#fff||rgba(255, 255, 255, 1)||rgba(255, 255, 255, 1)\"\n\t\t\t\t\t\t\t\tdata-rsp_ch=\"on\"\n\t\t\t\t\t\t\t\tdata-xy=\"x:c;y:m;yo:160px,155px,107px,56px;\"\n\t\t\t\t\t\t\t\tdata-text=\"s:70,30,36,36;l:70,30,36,36;fw:800,900,800,800;\"\n\t\t\t\t\t\t\t\tdata-vbility=\"t,t,t,f\"\n\t\t\t\t\t\t\t\tdata-padding=\"t:5;r:5;b:5;l:5;\"\n\t\t\t\t\t\t\t\tdata-border=\"bor:0px,0,0,0;\"\n\t\t\t\t\t\t\t\tdata-frame_0=\"sX:1.5;sY:1.5;oX:-20%;tp:600;\"\n\t\t\t\t\t\t\t\tdata-frame_0_mask=\"u:t;\"\n\t\t\t\t\t\t\t\tdata-frame_0_sfx=\"se:blocktoright;\"\n\t\t\t\t\t\t\t\tdata-frame_1=\"oX:-20%;tp:600;st:1000;sp:1500;sR:1000;\"\n\t\t\t\t\t\t\t\tdata-frame_1_mask=\"u:t;\"\n\t\t\t\t\t\t\t\tdata-frame_1_sfx=\"se:blocktoright;\"\n\t\t\t\t\t\t\t\tdata-frame_999=\"y:100%;tp:600;e:power2.inOut;st:w;sp:1000;sR:6500;\"\n\t\t\t\t\t\t\t\tdata-frame_999_mask=\"u:t;\"\n\t\t\t\t\t\t\t\tstyle=\"z-index:6;font-family:'Raleway';-webkit-text-stroke:1px black;color:white;text-shadow:3px 3px 0 #000,     -1px -1px 0 #000,        1px -1px 0 #000,      -1px 1px 0 #000,       1px 1px 0 #000;\"\n\t\t\t\t\t\t\t>Coral Paradise Resort \n\t\t\t\t\t\t\t<\/rs-layer><!--\n\n\t\t\t\t\t\t\t--><rs-layer\n\t\t\t\t\t\t\t\tid=\"slider-2-slide-2-layer-7\" \n\t\t\t\t\t\t\t\tclass=\"Gym-Button rev-btn\"\n\t\t\t\t\t\t\t\tdata-type=\"button\"\n\t\t\t\t\t\t\t\tdata-color=\"#ffffff||rgba(255, 255, 255, 1)||rgba(255, 255, 255, 1)||rgba(255, 255, 255, 1)\"\n\t\t\t\t\t\t\t\tdata-xy=\"x:c;y:m;yo:239px,211px,161px,108px;\"\n\t\t\t\t\t\t\t\tdata-text=\"s:15,14,14,14;l:15,14,14,14;fw:600,500,500,500;\"\n\t\t\t\t\t\t\t\tdata-dim=\"w:204px,auto,auto,auto;h:44px,auto,auto,auto;\"\n\t\t\t\t\t\t\t\tdata-rsp_bd=\"off\"\n\t\t\t\t\t\t\t\tdata-padding=\"t:13;r:35;b:13;l:35;\"\n\t\t\t\t\t\t\t\tdata-border=\"bor:30px,30px,30px,30px;\"\n\t\t\t\t\t\t\t\tdata-frame_0=\"y:50px;tp:600;\"\n\t\t\t\t\t\t\t\tdata-frame_1=\"tp:600;e:power4.inOut;st:1250;sp:1500;sR:1250;\"\n\t\t\t\t\t\t\t\tdata-frame_999=\"y:175%;tp:600;e:power2.inOut;st:w;sp:1000;sR:6250;\"\n\t\t\t\t\t\t\t\tdata-frame_999_mask=\"u:t;\"\n\t\t\t\t\t\t\t\tdata-frame_hover=\"c:#1289d5;bgc:#fff;boc:#000;bor:30px,30px,30px,30px;bos:solid;oX:50;oY:50;e:power1.inOut;\"\n\t\t\t\t\t\t\t\tstyle=\"z-index:7;background-color:#1289d5;font-family:'Raleway';cursor:pointer;outline:none;box-shadow:none;box-sizing:border-box;-moz-box-sizing:border-box;-webkit-box-sizing:border-box;letter-spacing:1px;\"\n\t\t\t\t\t\t\t><i class=\"fa-play\"><\/i>  Play Full Video \n\t\t\t\t\t\t\t<\/rs-layer><!--\n-->\t\t\t\t\t\t<\/rs-slide>\n\t\t\t\t\t\t<rs-slide style=\"position: absolute;\" data-key=\"rs-3\" data-title=\"Slide\" data-ssop=\"true\" data-invisible=\"true\" data-anim=\"adpr:false;\">\n\t\t\t\t\t\t\t<img src=\"\/\/coralparadise.com\/wp-content\/plugins\/revslider\/public\/assets\/assets\/dummy.png\" alt=\"Slide\" title=\"H\u00f4tel pour amoureux de plong\u00e9e sous-marine \u00e0 Bonaire\" class=\"rev-slidebg tp-rs-img rs-lazyload\" data-lazyload=\"\/\/coralparadise.com\/wp-content\/plugins\/revslider\/public\/assets\/assets\/transparent.png\" data-parallax=\"off\" data-no-retina>\n<!--\n\t\t\t\t\t\t\t--><rs-layer\n\t\t\t\t\t\t\t\tid=\"slider-2-slide-3-layer-1\" \n\t\t\t\t\t\t\t\tclass=\"rs-layer-video intrinsic-ignore\"\n\t\t\t\t\t\t\t\tdata-type=\"video\"\n\t\t\t\t\t\t\t\tdata-rsp_ch=\"on\"\n\t\t\t\t\t\t\t\tdata-text=\"l:22;a:inherit;\"\n\t\t\t\t\t\t\t\tdata-dim=\"w:1240px;h:600px;\"\n\t\t\t\t\t\t\t\tdata-video=\"twa:false;vd:100;end:2:12;rwd:f;l:none;ptimer:true;nse:f;\"\n\t\t\t\t\t\t\t\tdata-poster=\"\/\/coralparadise.com\/wp-content\/uploads\/2017\/08\/CoralParadise-22-1.jpg\"\n\t\t\t\t\t\t\t\tdata-vimeoid=\"222684264\"\n\t\t\t\t\t\t\t\tdata-vatr=\"background=1&amp;title=0&amp;byline=0&amp;portrait=0&amp;api=1\"\n\t\t\t\t\t\t\t\tdata-frame_0=\"tp:600;\"\n\t\t\t\t\t\t\t\tdata-frame_1=\"tp:600;sR:10;\"\n\t\t\t\t\t\t\t\tdata-frame_999=\"o:0;tp:600;st:w;sR:8690;\"\n\t\t\t\t\t\t\t\tstyle=\"z-index:5;\"\n\t\t\t\t\t\t\t>\n\t\t\t\t\t\t\t<\/rs-layer><!--\n-->\t\t\t\t\t\t<\/rs-slide>\n\t\t\t\t\t<\/rs-slides>\n\t\t\t\t<\/rs-module>\n\t\t\t\t<script>\n\t\t\t\t\tsetREVStartSize({c: 'rev_slider_2_1',rl:[1240,1024,778,480],el:[],gw:[1240,1024,778,480],gh:[600,500,400,480],type:'standard',justify:'',layout:'fullwidth',mh:\"0\"});if (window.RS_MODULES!==undefined && window.RS_MODULES.modules!==undefined && window.RS_MODULES.modules[\"revslider21\"]!==undefined) {window.RS_MODULES.modules[\"revslider21\"].once = false;window.revapi2 = undefined;if (window.RS_MODULES.checkMinimal!==undefined) window.RS_MODULES.checkMinimal()}\n\t\t\t\t<\/script>\n\t\t\t\t<script src=\"https:\/\/www.youtube.com\/iframe_api\"><\/script>\n\t\t\t<\/rs-module-wrap>\n\t\t\t<!-- END REVOLUTION SLIDER -->\n\n<h2><\/h2>\n<h2><\/h2>\n<h2>Bonaire : Paradis de la plong\u00e9e !<\/h2>\n<p>La renomm\u00e9e de Bonaire n\u2019est plus \u00e0 faire en ce qui a trait \u00e0 la plong\u00e9e sous-marine. En effet, l&#8217;\u00eele se retrouve en t\u00eate des palmar\u00e8s des meilleures destinations pour la plong\u00e9e (incluant meilleurs sites et meilleure qualit\u00e9 de vie). C&#8217;est pourquoi les plaques min\u00e9ralogiques de Bonaire affichent le slogan : \u201ddiver\u2019s paradise\u201d sur chaque v\u00e9hicule ! L\u2019\u00eele est entour\u00e9e d\u2019une barri\u00e8re de corail qui est facilement accessible du bord \u00e0 partir des c\u00f4tes ouest et sud. Afin de pr\u00e9server la faune et les poissons locaux, toute la c\u00f4te de Bonaire a \u00e9t\u00e9 d\u00e9clar\u00e9e sanctuaire marin et est prot\u00e9g\u00e9e depuis plusieurs ann\u00e9es.<\/p>\n","protected":false},"excerpt":{"rendered":"<p>Bonaire : Paradis de la plong\u00e9e ! La renomm\u00e9e de Bonaire n\u2019est plus \u00e0 faire en ce qui a trait \u00e0 la plong\u00e9e sous-marine. En effet, l&#8217;\u00eele se retrouve en t\u00eate des palmar\u00e8s des meilleures destinations pour la plong\u00e9e (incluant meilleurs sites et meilleure qualit\u00e9 de vie). C&#8217;est pourquoi les[&#8230;]<\/p>\n","protected":false},"author":1,"featured_media":0,"parent":0,"menu_order":0,"comment_status":"open","ping_status":"open","template":"template-homepage-1.php","meta":[],"_links":{"self":[{"href":"https:\/\/coralparadise.com\/fr\/wp-json\/wp\/v2\/pages\/2531"}],"collection":[{"href":"https:\/\/coralparadise.com\/fr\/wp-json\/wp\/v2\/pages"}],"about":[{"href":"https:\/\/coralparadise.com\/fr\/wp-json\/wp\/v2\/types\/page"}],"author":[{"embeddable":true,"href":"https:\/\/coralparadise.com\/fr\/wp-json\/wp\/v2\/users\/1"}],"replies":[{"embeddable":true,"href":"https:\/\/coralparadise.com\/fr\/wp-json\/wp\/v2\/comments?post=2531"}],"version-history":[{"count":10,"href":"https:\/\/coralparadise.com\/fr\/wp-json\/wp\/v2\/pages\/2531\/revisions"}],"predecessor-version":[{"id":12244,"href":"https:\/\/coralparadise.com\/fr\/wp-json\/wp\/v2\/pages\/2531\/revisions\/12244"}],"wp:attachment":[{"href":"https:\/\/coralparadise.com\/fr\/wp-json\/wp\/v2\/media?parent=2531"}],"curies":[{"name":"wp","href":"https:\/\/api.w.org\/{rel}","templated":true}]}}