{"id":2538,"date":"2015-08-25T02:48:51","date_gmt":"2015-08-25T02:48:51","guid":{"rendered":"http:\/\/coralparadise.com\/?page_id=2538"},"modified":"2025-06-04T11:24:00","modified_gmt":"2025-06-04T15:24:00","slug":"coral-paradise-bonaire","status":"publish","type":"page","link":"https:\/\/coralparadise.com\/fr\/coral-paradise-bonaire\/","title":{"rendered":"Coral Paradise Resort Bonaire"},"content":{"rendered":"<h2>L&#8217;\u00e9quipe de Coral Paradise<\/h2>\n<p><a href=\"https:\/\/coralparadise.com\/wp-content\/uploads\/2015\/05\/Grece-pas-lunettes-close-up.jpg\" data-rel=\"prettyPhoto[2538]\"><img decoding=\"async\" loading=\"lazy\" class=\"alignnone size-full wp-image-13901\" src=\"https:\/\/coralparadise.com\/wp-content\/uploads\/2015\/05\/Grece-pas-lunettes-close-up.jpg\" alt=\"\" width=\"385\" height=\"413\" srcset=\"https:\/\/coralparadise.com\/wp-content\/uploads\/2015\/05\/Grece-pas-lunettes-close-up.jpg 385w, https:\/\/coralparadise.com\/wp-content\/uploads\/2015\/05\/Grece-pas-lunettes-close-up-280x300.jpg 280w\" sizes=\"(max-width: 385px) 100vw, 385px\" \/><\/a><\/p>\n<p><strong>Caroline Gamache<\/strong>, copropri\u00e9taire. N\u00e9e au Qu\u00e9bec (Canada), conjointe de Vincent, elle aime la plong\u00e9e sous marine, la plong\u00e9e avec tuba et la marche. Elle s&#8217;occupe entre autres de l&#8217;administration de l&#8217;h\u00f4tel et des demandes de la client\u00e8le.<\/p>\n<p><strong>Vincent Meunier<\/strong>, copropri\u00e9taire. N\u00e9 au Qu\u00e9bec (Canada). Il est d\u00e9m\u00e9nag\u00e9 \u00e0 Bonaire en 2014 et a achet\u00e9 l\u2019h\u00f4tel le 1er janvier 2015. Il aime la plong\u00e9e sous marine, le v\u00e9lo et le ski. Il voit \u00e0 l&#8217;entretien et aux r\u00e9parations de la propri\u00e9t\u00e9 et au bien-\u00eatre des clients.<\/p>\n<p>Notre objectif commun est d&#8217;offrir un s\u00e9jour m\u00e9morable \u00e0 tous nos invit\u00e9s.<\/p>\n","protected":false},"excerpt":{"rendered":"<p>L&#8217;\u00e9quipe de Coral Paradise Caroline Gamache, copropri\u00e9taire. N\u00e9e au Qu\u00e9bec (Canada), conjointe de Vincent, elle aime la plong\u00e9e sous marine, la plong\u00e9e avec tuba et la marche. Elle s&#8217;occupe entre autres de l&#8217;administration de l&#8217;h\u00f4tel et des demandes de la client\u00e8le. Vincent Meunier, copropri\u00e9taire. N\u00e9 au Qu\u00e9bec (Canada). Il est[&#8230;]<\/p>\n","protected":false},"author":1,"featured_media":0,"parent":0,"menu_order":0,"comment_status":"closed","ping_status":"closed","template":"","meta":[],"_links":{"self":[{"href":"https:\/\/coralparadise.com\/fr\/wp-json\/wp\/v2\/pages\/2538"}],"collection":[{"href":"https:\/\/coralparadise.com\/fr\/wp-json\/wp\/v2\/pages"}],"about":[{"href":"https:\/\/coralparadise.com\/fr\/wp-json\/wp\/v2\/types\/page"}],"author":[{"embeddable":true,"href":"https:\/\/coralparadise.com\/fr\/wp-json\/wp\/v2\/users\/1"}],"replies":[{"embeddable":true,"href":"https:\/\/coralparadise.com\/fr\/wp-json\/wp\/v2\/comments?post=2538"}],"version-history":[{"count":13,"href":"https:\/\/coralparadise.com\/fr\/wp-json\/wp\/v2\/pages\/2538\/revisions"}],"predecessor-version":[{"id":13914,"href":"https:\/\/coralparadise.com\/fr\/wp-json\/wp\/v2\/pages\/2538\/revisions\/13914"}],"wp:attachment":[{"href":"https:\/\/coralparadise.com\/fr\/wp-json\/wp\/v2\/media?parent=2538"}],"curies":[{"name":"wp","href":"https:\/\/api.w.org\/{rel}","templated":true}]}}