{"id":2546,"date":"2015-08-30T18:56:00","date_gmt":"2015-08-30T18:56:00","guid":{"rendered":"http:\/\/coralparadise.com\/?page_id=2546"},"modified":"2017-03-28T02:21:06","modified_gmt":"2017-03-28T02:21:06","slug":"hotel-plongee-sous-marine-bonaire","status":"publish","type":"page","link":"https:\/\/coralparadise.com\/fr\/hotel-plongee-sous-marine-bonaire\/","title":{"rendered":"H\u00f4tel pour amoureux de la plong\u00e9e sous-marine \u00e0 Bonaire"},"content":{"rendered":"<p>Si vous venez \u00e0 Bonaire pour vivre une exp\u00e9rience extraordinaire au paradis de la plong\u00e9e, pourquoi ne pas le faire au meilleur endroit qui soit ! Notre h\u00f4tel offre un emplacement id\u00e9al tout juste \u00e0 c\u00f4t\u00e9 des meilleurs sites pour la plong\u00e9e sous-marine ou pour la plong\u00e9e en apn\u00e9e. Nous vous proposons une gamme compl\u00e8te de services, mais dans le calme et loin des foules, le tout dans une atmosph\u00e8re amicale pr\u00e8s de la mer. Notre but\u00a0: que vous viviez une exp\u00e9rience inoubliable.<\/p>\n","protected":false},"excerpt":{"rendered":"<p>Si vous venez \u00e0 Bonaire pour vivre une exp\u00e9rience extraordinaire au paradis de la plong\u00e9e, pourquoi ne pas le faire au meilleur endroit qui soit ! Notre h\u00f4tel offre un emplacement id\u00e9al tout juste \u00e0 c\u00f4t\u00e9 des meilleurs sites pour la plong\u00e9e sous-marine ou pour la plong\u00e9e en apn\u00e9e. Nous[&#8230;]<\/p>\n","protected":false},"author":1,"featured_media":0,"parent":0,"menu_order":0,"comment_status":"open","ping_status":"open","template":"template-service-listing.php","meta":[],"_links":{"self":[{"href":"https:\/\/coralparadise.com\/fr\/wp-json\/wp\/v2\/pages\/2546"}],"collection":[{"href":"https:\/\/coralparadise.com\/fr\/wp-json\/wp\/v2\/pages"}],"about":[{"href":"https:\/\/coralparadise.com\/fr\/wp-json\/wp\/v2\/types\/page"}],"author":[{"embeddable":true,"href":"https:\/\/coralparadise.com\/fr\/wp-json\/wp\/v2\/users\/1"}],"replies":[{"embeddable":true,"href":"https:\/\/coralparadise.com\/fr\/wp-json\/wp\/v2\/comments?post=2546"}],"version-history":[{"count":3,"href":"https:\/\/coralparadise.com\/fr\/wp-json\/wp\/v2\/pages\/2546\/revisions"}],"predecessor-version":[{"id":5319,"href":"https:\/\/coralparadise.com\/fr\/wp-json\/wp\/v2\/pages\/2546\/revisions\/5319"}],"wp:attachment":[{"href":"https:\/\/coralparadise.com\/fr\/wp-json\/wp\/v2\/media?parent=2546"}],"curies":[{"name":"wp","href":"https:\/\/api.w.org\/{rel}","templated":true}]}}