{"id":2553,"date":"2015-09-05T13:34:15","date_gmt":"2015-09-05T13:34:15","guid":{"rendered":"http:\/\/coralparadise.com\/?page_id=2553"},"modified":"2025-12-01T11:51:30","modified_gmt":"2025-12-01T15:51:30","slug":"forfaits-vacances-a-bonaire","status":"publish","type":"page","link":"https:\/\/coralparadise.com\/fr\/forfaits-vacances-a-bonaire\/","title":{"rendered":"Forfaits vacances \u00e0 Bonaire"},"content":{"rendered":"<p>Voici les prix pour nos forfaits. Si vous avez des questions ou des besoins sp\u00e9cifiques, vous pouvez nous joindre \u00e0 l&#8217;aide du <a href=\"http:\/\/coralparadise.com\/fr\/nous-joindre\/\">formulaire contact<\/a>.<\/p>\n<style> \/* simple flat #2586 *\/#ptp-2586{border-color:#ddd;padding:0;margin-left:0;margin-right:0}#ptp-2586 div.ptp-item-container{border-radius:0}#ptp-2586 div.ptp-item-container div{margin:0}#ptp-2586 .ptp-highlight div.ptp-item-container{border-color:#ddd}#ptp-2586 div.ptp-plan{border-top-right-radius:0;border-top-left-radius:0;font-size:1em;border-color:#ddd;background-color:#ddd;color:#333;padding:.9375em 1.25em}#ptp-2586 div.ptp-plan .has-tip{border-bottom:dotted 1px #333;color:#333}#ptp-2586 .ptp-highlight div.ptp-plan{border-color:#ddd;background-color:#ddd;color:#333}#ptp-2586 .ptp-highlight div.ptp-plan .has-tip{border-bottom:dotted 1px #333;color:#333}#ptp-2586 div.ptp-price{font-size:1.25em;background-color:#eee;color:#333;padding:.9375em 1.25em}#ptp-2586 div.ptp-price .has-tip{border-bottom:dotted 1px #333;color:#333}#ptp-2586 .ptp-highlight div.ptp-price{background-color:#eee;color:#333}#ptp-2586 .ptp-highlight div.ptp-price .has-tip{border-bottom:dotted 1px #333;color:#333}#ptp-2586 div.ptp-cta{border-bottom-right-radius:0;border-bottom-left-radius:0;background-color:#eee;padding-top:1.25em;padding-bottom:1.25em}#ptp-2586 .ptp-highlight div.ptp-cta{background-color:#eee}#ptp-2586 a.ptp-button{border-radius:0;font-size:1em;color:#fff;background-color:#3498db;border-bottom:#2980b9 4px solid;margin:0}#ptp-2586 a.ptp-button .has-tip,#ptp-2586 a.ptp-button:hover .has-tip{border-bottom:dotted 1px #fff;color:#fff}#ptp-2586 a.ptp-button:hover{background-color:#2980b9}#ptp-2586 div.ptp-bullet-item{color:#333;background-color:#fff;font-size:.875em;border-color:#ddd;padding:.9375em .5em .9375em .5em}#ptp-2586 .ptp-highlight .ptp-bullet-item{color:#333;border-color:#ddd;background-color:#fff}#ptp-2586 .ptp-highlight a.ptp-button{color:#fff;background-color:#e74c3c;border-bottom:#c0392b 4px solid}#ptp-2586 .ptp-highlight a.ptp-button:hover{background-color:#c0392b}#ptp-2586 .ptp-highlight a.ptp-button .has-tip{border-bottom:dotted 1px #fff;color:#fff}#ptp-2586 div.ptp-most-popular{border-radius:0;font-size:.9em;background-color:#7f8c8d;color:#fff;border:1px solid #7f8c8d}\/* end of simple flat #2586 *\/<\/style>        <script type=\"text\/javascript\">\n         jQuery(document).ready(function($) {\n            jQuery.call_match_height_2586 = function call_match_height_design1(ptp_id) {\n                                $( ptp_id+' .ptp-plan' ).matchHeight(false); \n                                $( ptp_id+' .ptp-cta' ).matchHeight(false); \n                                $( ptp_id+' .ptp-price' ).matchHeight(false);\n                                $( ptp_id+' .ptp-button' ).matchHeight(false);\n\n                                $( ptp_id+' .ptp-bullet-item' ).each(function( index ){\n                                    $( ptp_id+' .ptp-row-id-'+index ).matchHeight(false);\n             \n                                });  \n                         }\n            var ptp_id = '#ptp-'+2586 ;\n            $.call_match_height_2586 ( ptp_id );              \n         });\n      <\/script>\n      \n        <div id=\"ptp-2586\" class=\"ptp-pricing-table\" ><div class=\"ptp-col ptp-four-col  ptp-col-id-0 dh-ptp-col-id-0\"><div class=\"ptp-not-most-popular\">&nbsp;<\/div><div class=\"ptp-item-container\"><div class=\"ptp-plan\">Forfait voyage<\/div><div class=\"ptp-price\">993$ \/ semaine<\/div><div class=\"ptp-bullet-item ptp-row-id-0\">H\u00e9bergement en suite de luxe pour 7 nuits.\r<\/div><div class=\"ptp-bullet-item ptp-row-id-1\">Camionnette de luxe avec 4 portes, transmission manuelle et air climatis\u00e9.\r<\/div><div class=\"ptp-bullet-item ptp-row-id-2\">Transfert gratuit en taxi entre l\u2019a\u00e9roport et l\u2019h\u00f4tel.<\/div><div class=\"ptp-bullet-item ptp-row-id-3 tt-ptp-empty-row \">&nbsp;<\/div><div class=\"ptp-bullet-item ptp-row-id-4 tt-ptp-empty-row \">&nbsp;<\/div><div class=\"ptp-bullet-item ptp-row-id-5 tt-ptp-empty-row \">&nbsp;<\/div><div class=\"ptp-bullet-item ptp-row-id-6 tt-ptp-empty-row \">&nbsp;<\/div><div class=\"ptp-cta\"><a class=\"ptp-button ptp-checkout-button\" id=\"ptp-2586-cta-0\"  href=\"\/fr\/reservez-vos-vacances-a-bonaire\/?package=vacation\"  >V\u00e9rifier la disponibilit\u00e9<\/a><\/div><\/div><\/div><div class=\"ptp-col ptp-four-col ptp-highlight ptp-col-id-1 dh-ptp-col-id-1\"><div class=\"ptp-most-popular\">Populaire!<\/div><div class=\"ptp-item-container\"><div class=\"ptp-plan\">Forfait plong\u00e9e du rivage<\/div><div class=\"ptp-price\">1197$ \/ semaine<\/div><div class=\"ptp-bullet-item ptp-row-id-0\">H\u00e9bergement en suite de luxe pour 7 nuits.\r<\/div><div class=\"ptp-bullet-item ptp-row-id-1\">Camionnette de luxe avec 4 portes, transmission manuelle et air climatis\u00e9.\r<\/div><div class=\"ptp-bullet-item ptp-row-id-2\">Transfert gratuit en taxi entre l\u2019a\u00e9roport et l\u2019h\u00f4tel.\r<\/div><div class=\"ptp-bullet-item ptp-row-id-3\">6 jours cons\u00e9cutifs de r\u00e9servoirs pour des plong\u00e9es illimit\u00e9es du rivage. \r<\/div><div class=\"ptp-bullet-item ptp-row-id-4\">Incluant\u00a0: plombs, ceinture de plomb.\r<\/div><div class=\"ptp-bullet-item ptp-row-id-5\">Nitrox inclus sans frais suppl\u00e9mentaires<\/div><div class=\"ptp-bullet-item ptp-row-id-6 tt-ptp-empty-row \">&nbsp;<\/div><div class=\"ptp-cta\"><a class=\"ptp-button ptp-checkout-button\" id=\"ptp-2586-cta-1\"  href=\"\/fr\/reservez-vos-vacances-a-bonaire\/?package=a\"  >V\u00e9rifier la disponibilit\u00e9<\/a><\/div><\/div><\/div><div class=\"ptp-col ptp-four-col  ptp-col-id-2 dh-ptp-col-id-2\"><div class=\"ptp-not-most-popular\">&nbsp;<\/div><div class=\"ptp-item-container\"><div class=\"ptp-plan\">Forfait plong\u00e9es doubles en bateau<\/div><div class=\"ptp-price\">1454$ \/ semaine<\/div><div class=\"ptp-bullet-item ptp-row-id-0\">H\u00e9bergement en suite de luxe pour 7 nuits.\r<\/div><div class=\"ptp-bullet-item ptp-row-id-1\">Camionnette de luxe avec 4 portes, transmission manuelle et air climatis\u00e9.\r<\/div><div class=\"ptp-bullet-item ptp-row-id-2\">Transfert gratuit en taxi entre l\u2019a\u00e9roport et l\u2019h\u00f4tel.\r<\/div><div class=\"ptp-bullet-item ptp-row-id-3\">6 jours cons\u00e9cutifs de r\u00e9servoirs pour des plong\u00e9es illimit\u00e9es du rivage.\r<\/div><div class=\"ptp-bullet-item ptp-row-id-4\">Incluant\u00a0: plombs, ceinture de plomb.\r<\/div><div class=\"ptp-bullet-item ptp-row-id-5\">Nitrox inclus sans frais suppl\u00e9mentaires\r<\/div><div class=\"ptp-bullet-item ptp-row-id-6\">3 sorties de plong\u00e9e en bateau avec deux r\u00e9servoirs (2 plong\u00e9es cons\u00e9cutives le m\u00eame avant-midi).<\/div><div class=\"ptp-cta\"><a class=\"ptp-button ptp-checkout-button\" id=\"ptp-2586-cta-2\"  href=\"\/fr\/reservez-vos-vacances-a-bonaire\/?package=b\"  >V\u00e9rifier la disponibilit\u00e9<\/a><\/div><\/div><\/div><div class=\"ptp-col ptp-four-col  ptp-col-id-3 dh-ptp-col-id-3\"><div class=\"ptp-not-most-popular\">&nbsp;<\/div><div class=\"ptp-item-container\"><div class=\"ptp-plan\">Forfait Ultime plong\u00e9es doubles en bateau<\/div><div class=\"ptp-price\">1599$ \/ semaine<\/div><div class=\"ptp-bullet-item ptp-row-id-0\">H\u00e9bergement en suite de luxe pour 7 nuits.\r<\/div><div class=\"ptp-bullet-item ptp-row-id-1\">Camionnette de luxe avec 4 portes, transmission manuelle et air climatis\u00e9.\r<\/div><div class=\"ptp-bullet-item ptp-row-id-2\">Transfert gratuit en taxi entre l\u2019a\u00e9roport et l\u2019h\u00f4tel.\r<\/div><div class=\"ptp-bullet-item ptp-row-id-3\">6 jours cons\u00e9cutifs de r\u00e9servoirs pour des plong\u00e9es illimit\u00e9es du rivage.\r<\/div><div class=\"ptp-bullet-item ptp-row-id-4\">Incluant\u00a0: plombs, ceinture de plomb.\r<\/div><div class=\"ptp-bullet-item ptp-row-id-5\">Nitrox inclus sans frais suppl\u00e9mentaires\r<\/div><div class=\"ptp-bullet-item ptp-row-id-6\">5 sorties de plong\u00e9e en bateau avec deux r\u00e9servoirs (2 plong\u00e9es cons\u00e9cutives le m\u00eame avant-midi).<\/div><div class=\"ptp-cta\"><a class=\"ptp-button ptp-checkout-button\" id=\"ptp-2586-cta-3\"  href=\"\/fr\/reservez-vos-vacances-a-bonaire\/?package=d\"  >V\u00e9rifier la disponibilit\u00e9<\/a><\/div><\/div><\/div><\/div>\n<p>&nbsp;<\/p>\n<p>&nbsp;<\/p>\n<p>&nbsp;<\/p>\n<p>&nbsp;<\/p>\n<p>&nbsp;<\/p>\n<p>&nbsp;<\/p>\n<p>&nbsp;<\/p>\n<p>&nbsp;<\/p>\n<p>&nbsp;<\/p>\n<p>&nbsp;<\/p>\n<p>&nbsp;<\/p>\n<p>&nbsp;<\/p>\n<p>&nbsp;<\/p>\n<p>&nbsp;<\/p>\n<p>&nbsp;<\/p>\n<p>&nbsp;<\/p>\n<p>&nbsp;<\/p>\n<p>&nbsp;<\/p>\n<p>&nbsp;<\/p>\n<p>&nbsp;<\/p>\n<p>&nbsp;<\/p>\n<p>&nbsp;<\/p>\n<p>Tous ces prix sont par personne et par semaine, bas\u00e9s sur une occupation double.<\/p>\n<p>Ces prix sont en vigueur du 2 mai 2026 au 4 d\u00e9cembre 2026.<\/p>\n<p>Pour la haute saison (6 d\u00e9cembre 2025 au 1er mai 2026) : s.v.p. ajouter $62 par personne, par semaine.<\/p>\n<p>Tous les prix sont en dollars am\u00e9ricains et sont sujets \u00e0 changement sans pr\u00e9avis.<\/p>\n<p>Arriv\u00e9e \u00e0 15h et d\u00e9part \u00e0 11h<\/p>\n<p>Pour une cotation en occupation simple ou triple : S.V.P. <a href=\"https:\/\/coralparadise.com\/fr\/reservez-vos-vacances-a-bonaire\/\">contactez-nous<\/a>.<\/p>\n<p><strong>Les enfants sont admis \u00e0 partir de 15 ans.<\/strong><\/p>\n","protected":false},"excerpt":{"rendered":"<p>Voici les prix pour nos forfaits. Si vous avez des questions ou des besoins sp\u00e9cifiques, vous pouvez nous joindre \u00e0 l&#8217;aide du formulaire contact. &nbsp; &nbsp; &nbsp; &nbsp; &nbsp; &nbsp; &nbsp; &nbsp; &nbsp; &nbsp; &nbsp; &nbsp; &nbsp; &nbsp; &nbsp; &nbsp; &nbsp; &nbsp; &nbsp; &nbsp; &nbsp; &nbsp; Tous ces prix sont[&#8230;]<\/p>\n","protected":false},"author":1,"featured_media":2059,"parent":0,"menu_order":0,"comment_status":"closed","ping_status":"closed","template":"template-fullwidth.php","meta":[],"_links":{"self":[{"href":"https:\/\/coralparadise.com\/fr\/wp-json\/wp\/v2\/pages\/2553"}],"collection":[{"href":"https:\/\/coralparadise.com\/fr\/wp-json\/wp\/v2\/pages"}],"about":[{"href":"https:\/\/coralparadise.com\/fr\/wp-json\/wp\/v2\/types\/page"}],"author":[{"embeddable":true,"href":"https:\/\/coralparadise.com\/fr\/wp-json\/wp\/v2\/users\/1"}],"replies":[{"embeddable":true,"href":"https:\/\/coralparadise.com\/fr\/wp-json\/wp\/v2\/comments?post=2553"}],"version-history":[{"count":46,"href":"https:\/\/coralparadise.com\/fr\/wp-json\/wp\/v2\/pages\/2553\/revisions"}],"predecessor-version":[{"id":14206,"href":"https:\/\/coralparadise.com\/fr\/wp-json\/wp\/v2\/pages\/2553\/revisions\/14206"}],"wp:featuredmedia":[{"embeddable":true,"href":"https:\/\/coralparadise.com\/fr\/wp-json\/wp\/v2\/media\/2059"}],"wp:attachment":[{"href":"https:\/\/coralparadise.com\/fr\/wp-json\/wp\/v2\/media?parent=2553"}],"curies":[{"name":"wp","href":"https:\/\/api.w.org\/{rel}","templated":true}]}}