{"id":2561,"date":"2015-09-05T13:03:16","date_gmt":"2015-09-05T13:03:16","guid":{"rendered":"http:\/\/coralparadise.com\/?page_id=2561"},"modified":"2023-02-05T15:44:36","modified_gmt":"2023-02-05T15:44:36","slug":"nous-joindre","status":"publish","type":"page","link":"https:\/\/coralparadise.com\/fr\/nous-joindre\/","title":{"rendered":"Nous joindre"},"content":{"rendered":"<h2>\u00c9crivez-nous!<\/h2>\n<p>Nous vous r\u00e9pondrons dans les plus bref d\u00e9lais.<\/p>\n\n                <div class='gf_browser_gecko gform_wrapper' id='gform_wrapper_2' ><form method='post' enctype='multipart\/form-data'  id='gform_2'  action='\/fr\/wp-json\/wp\/v2\/pages\/2561'>\n                        <div class='gform_body'><ul id='gform_fields_2' class='gform_fields top_label form_sublabel_below description_below'><li id='field_2_1' class='gfield gfield_contains_required field_sublabel_below field_description_below gfield_visibility_visible' ><label class='gfield_label gfield_label_before_complex' for='input_2_1_3' > Nom<span class='gfield_required'>*<\/span><\/label><div class='ginput_complex ginput_container no_prefix has_first_name no_middle_name has_last_name no_suffix gf_name_has_2 ginput_container_name gfield_trigger_change' id='input_2_1'>\n                            \n                            <span id='input_2_1_3_container' class='name_first' >\n                                                    <input type='text' name='input_1.3' id='input_2_1_3' value='' aria-label='Pr\u00e9nom' tabindex='2'  aria-required=\"true\" aria-invalid=\"false\" \/>\n                                                    <label for='input_2_1_3' >Pr\u00e9nom<\/label>\n                                                <\/span>\n                            \n                            <span id='input_2_1_6_container' class='name_last' >\n                                                    <input type='text' name='input_1.6' id='input_2_1_6' value='' aria-label='Nom' tabindex='4'  aria-required=\"true\" aria-invalid=\"false\" \/>\n                                                    <label for='input_2_1_6' >Nom<\/label>\n                                                <\/span>\n                            \n                        <\/div><\/li><li id='field_2_2' class='gfield gfield_contains_required field_sublabel_below field_description_below gfield_visibility_visible' ><label class='gfield_label gfield_label_before_complex' for='input_2_2' >Courriel<span class='gfield_required'>*<\/span><\/label><div class='ginput_complex ginput_container ginput_container_email' id='input_2_2_container'>\n                                <span id='input_2_2_1_container' class='ginput_left'>\n                                    <input class='' type='text' name='input_2' id='input_2_2' value='' tabindex='6'    aria-required=\"true\" aria-invalid=\"false\"\/>\n                                    <label for='input_2_2' >Saisissez un e-mail<\/label>\n                                <\/span>\n                                <span id='input_2_2_2_container' class='ginput_right'>\n                                    <input class='' type='text' name='input_2_2' id='input_2_2_2' value='' tabindex='7'   aria-required=\"true\" aria-invalid=\"false\"\/>\n                                    <label for='input_2_2_2' >Confirmez l\u2019e-mail<\/label>\n                                <\/span>\n                                <div class='gf_clear gf_clear_complex'><\/div>\n                            <\/div><\/li><li id='field_2_3' class='gfield gfield_contains_required field_sublabel_below field_description_below gfield_visibility_visible' ><label class='gfield_label' for='input_2_3' >Message<span class='gfield_required'>*<\/span><\/label><div class='ginput_container ginput_container_textarea'><textarea name='input_3' id='input_2_3' class='textarea medium' tabindex='8'   aria-required=\"true\" aria-invalid=\"false\"   rows='10' cols='50'><\/textarea><\/div><\/li><li id='field_2_4' class='gfield field_sublabel_below field_description_below gfield_visibility_visible' ><label class='gfield_label' for='input_2_4' >CAPTCHA<\/label><div id='input_2_4' class='ginput_container ginput_recaptcha' data-sitekey='6LfZI-QZAAAAAOhITGLJJDx8Ugh0rV3szRcgFiHv'  data-theme='light' data-tabindex='9'><\/div><\/li><li id='field_2_5' class='gfield gform_validation_container field_sublabel_below field_description_below gfield_visibility_visible' ><label class='gfield_label' for='input_2_5' >Phone<\/label><div class='ginput_container'><input name='input_5' id='input_2_5' type='text' value='' \/><\/div><div class='gfield_description'>Ce champ n\u2019est utilis\u00e9 qu\u2019\u00e0 des fins de validation et devrait rester inchang\u00e9.<\/div><\/li>\n                            <\/ul><\/div>\n        <div class='gform_footer top_label'> <input type='submit' id='gform_submit_button_2' class='gform_button button' value='Envoyer' tabindex='10' onclick='if(window[\"gf_submitting_2\"]){return false;}  window[\"gf_submitting_2\"]=true;  ' onkeypress='if( event.keyCode == 13 ){ if(window[\"gf_submitting_2\"]){return false;} window[\"gf_submitting_2\"]=true;  jQuery(\"#gform_2\").trigger(\"submit\",[true]); }' \/> \n            <input type='hidden' class='gform_hidden' name='is_submit_2' value='1' \/>\n            <input type='hidden' class='gform_hidden' name='gform_submit' value='2' \/>\n            \n            <input type='hidden' class='gform_hidden' name='gform_unique_id' value='' \/>\n            <input type='hidden' class='gform_hidden' name='state_2' value='WyJbXSIsImNmYzBmNGJjNTVkOTg0NzRiNzJkZWIxZDIyYjA5Njc5Il0=' \/>\n            <input type='hidden' class='gform_hidden' name='gform_target_page_number_2' id='gform_target_page_number_2' value='0' \/>\n            <input type='hidden' class='gform_hidden' name='gform_source_page_number_2' id='gform_source_page_number_2' value='1' \/>\n            <input type='hidden' name='gform_field_values' value='' \/>\n            \n        <\/div>\n                        <p style=\"display: none !important;\"><label>&#916;<textarea name=\"ak_hp_textarea\" cols=\"45\" rows=\"8\" maxlength=\"100\"><\/textarea><\/label><input type=\"hidden\" id=\"ak_js_1\" name=\"ak_js\" value=\"43\"\/><script>document.getElementById( \"ak_js_1\" ).setAttribute( \"value\", ( new Date() ).getTime() );<\/script><\/p><\/form>\n                        <\/div><script type='text\/javascript'> if(typeof gf_global == 'undefined') var gf_global = {\"gf_currency_config\":{\"name\":\"Dollar US\",\"symbol_left\":\"$\",\"symbol_right\":\"\",\"symbol_padding\":\"\",\"thousand_separator\":\",\",\"decimal_separator\":\".\",\"decimals\":2},\"base_url\":\"https:\\\/\\\/coralparadise.com\\\/wp-content\\\/plugins\\\/gravityforms\",\"number_formats\":[],\"spinnerUrl\":\"https:\\\/\\\/coralparadise.com\\\/wp-content\\\/plugins\\\/gravityforms\\\/images\\\/spinner.gif\"};jQuery(document).bind('gform_post_render', function(event, formId, currentPage){if(formId == 2) {} } );jQuery(document).bind('gform_post_conditional_logic', function(event, formId, fields, isInit){} );<\/script><script type='text\/javascript'> jQuery(document).ready(function(){jQuery(document).trigger('gform_post_render', [2, 1]) } ); <\/script>\n","protected":false},"excerpt":{"rendered":"<p>\u00c9crivez-nous! Nous vous r\u00e9pondrons dans les plus bref d\u00e9lais.<\/p>\n","protected":false},"author":1,"featured_media":0,"parent":0,"menu_order":0,"comment_status":"open","ping_status":"open","template":"template-contact.php","meta":[],"_links":{"self":[{"href":"https:\/\/coralparadise.com\/fr\/wp-json\/wp\/v2\/pages\/2561"}],"collection":[{"href":"https:\/\/coralparadise.com\/fr\/wp-json\/wp\/v2\/pages"}],"about":[{"href":"https:\/\/coralparadise.com\/fr\/wp-json\/wp\/v2\/types\/page"}],"author":[{"embeddable":true,"href":"https:\/\/coralparadise.com\/fr\/wp-json\/wp\/v2\/users\/1"}],"replies":[{"embeddable":true,"href":"https:\/\/coralparadise.com\/fr\/wp-json\/wp\/v2\/comments?post=2561"}],"version-history":[{"count":5,"href":"https:\/\/coralparadise.com\/fr\/wp-json\/wp\/v2\/pages\/2561\/revisions"}],"predecessor-version":[{"id":12059,"href":"https:\/\/coralparadise.com\/fr\/wp-json\/wp\/v2\/pages\/2561\/revisions\/12059"}],"wp:attachment":[{"href":"https:\/\/coralparadise.com\/fr\/wp-json\/wp\/v2\/media?parent=2561"}],"curies":[{"name":"wp","href":"https:\/\/api.w.org\/{rel}","templated":true}]}}