{"id":2562,"date":"2015-09-05T13:03:24","date_gmt":"2015-09-05T13:03:24","guid":{"rendered":"http:\/\/coralparadise.com\/?page_id=2562"},"modified":"2023-02-23T20:09:50","modified_gmt":"2023-02-23T20:09:50","slug":"photos-de-bonaire","status":"publish","type":"page","link":"https:\/\/coralparadise.com\/fr\/photos-de-bonaire\/","title":{"rendered":"Photos de Bonaire"},"content":{"rendered":"<p>Remontons dans le pass\u00e9 : Voici quelques-unes des photos que nous avons prises ou que les invit\u00e9s nous ont donn\u00e9es.<\/p>\n<p>Notre slogan pourrait se traduire &#8221;Arrivez en tant que visiteurs, repartez en amis&#8221;. Nous esp\u00e9rons que vous appr\u00e9cierez !<\/p>\n<p><div class=\"cisc-row\"> <div  class=\" cisc-col-md-6 cisc-col-xs-12\"><aside id=\"ci_post_type_widget-12\" class=\"widget widget_ci_post_type_widget amr_widget group\"><span style=\"display: none\">Hotel Guests<\/span>\n<div class=\"item post-2565 page type-page status-publish has-post-thumbnail hentry\">\n\t<figure class=\"item-thumb\">\n\t\t<a href=\"https:\/\/coralparadise.com\/fr\/photos-de-bonaire\/resort-guests\/\">\n\t\t\t<img width=\"700\" height=\"525\" src=\"https:\/\/coralparadise.com\/wp-content\/uploads\/2015\/05\/612rf1-700x525.jpg\" class=\"attachment-ci_thumb size-ci_thumb wp-post-image\" alt=\"\" decoding=\"async\" loading=\"lazy\" srcset=\"https:\/\/coralparadise.com\/wp-content\/uploads\/2015\/05\/612rf1-700x525.jpg 700w, https:\/\/coralparadise.com\/wp-content\/uploads\/2015\/05\/612rf1-300x224.jpg 300w\" sizes=\"(max-width: 700px) 100vw, 700px\" \/>\t\t<\/a>\n\n\t\t\t<\/figure>\n\n\t<div class=\"item-content\">\n\t\t<a class=\"item-title btn\" href=\"https:\/\/coralparadise.com\/fr\/photos-de-bonaire\/resort-guests\/\">Photos de nos clients<\/a>\n\t\t\t<\/div>\n<\/div>\n\n<\/aside><\/div><div  class=\" cisc-col-md-6 cisc-col-xs-12\"><aside id=\"ci_post_type_widget-13\" class=\"widget widget_ci_post_type_widget amr_widget group\"><span style=\"display: none\">Bonaire Island<\/span>\n<div class=\"item post-2564 page type-page status-publish has-post-thumbnail hentry\">\n\t<figure class=\"item-thumb\">\n\t\t<a href=\"https:\/\/coralparadise.com\/fr\/photos-de-bonaire\/photos-de-lile-de-bonaire\/\">\n\t\t\t<img width=\"700\" height=\"528\" src=\"https:\/\/coralparadise.com\/wp-content\/uploads\/2015\/05\/009-700x528.jpg\" class=\"attachment-ci_thumb size-ci_thumb wp-post-image\" alt=\"\" decoding=\"async\" loading=\"lazy\" \/>\t\t<\/a>\n\n\t\t\t<\/figure>\n\n\t<div class=\"item-content\">\n\t\t<a class=\"item-title btn\" href=\"https:\/\/coralparadise.com\/fr\/photos-de-bonaire\/photos-de-lile-de-bonaire\/\">Photos de l&#8217;\u00eele de Bonaire<\/a>\n\t\t\t<\/div>\n<\/div>\n\n<\/aside><\/div> <\/div><div class=\"cisc-row\"> <div  class=\" cisc-col-md-6 cisc-col-xs-12\"><aside id=\"ci_post_type_widget-14\" class=\"widget widget_ci_post_type_widget amr_widget group\"><span style=\"display: none\">Resort<\/span>\n<div class=\"item post-2566 page type-page status-publish has-post-thumbnail hentry\">\n\t<figure class=\"item-thumb\">\n\t\t<a href=\"https:\/\/coralparadise.com\/fr\/photos-de-bonaire\/photos-de-notre-hotel-a-bonaire\/\">\n\t\t\t<img width=\"700\" height=\"525\" src=\"https:\/\/coralparadise.com\/wp-content\/uploads\/2015\/05\/0011-700x5762-700x525.jpg\" class=\"attachment-ci_thumb size-ci_thumb wp-post-image\" alt=\"\" decoding=\"async\" loading=\"lazy\" srcset=\"https:\/\/coralparadise.com\/wp-content\/uploads\/2015\/05\/0011-700x5762.jpg 700w, https:\/\/coralparadise.com\/wp-content\/uploads\/2015\/05\/0011-700x5762-300x225.jpg 300w\" sizes=\"(max-width: 700px) 100vw, 700px\" \/>\t\t<\/a>\n\n\t\t\t<\/figure>\n\n\t<div class=\"item-content\">\n\t\t<a class=\"item-title btn\" href=\"https:\/\/coralparadise.com\/fr\/photos-de-bonaire\/photos-de-notre-hotel-a-bonaire\/\">Photos de notre h\u00f4tel \u00e0 Bonaire<\/a>\n\t\t\t<\/div>\n<\/div>\n\n<\/aside> <\/div><div  class=\" cisc-col-md-6 cisc-col-xs-12\"><aside id=\"ci_post_type_widget-15\" class=\"widget widget_ci_post_type_widget amr_widget group\"><span style=\"display: none\">Diving<\/span>\n<div class=\"item post-2563 page type-page status-publish has-post-thumbnail hentry\">\n\t<figure class=\"item-thumb\">\n\t\t<a href=\"https:\/\/coralparadise.com\/fr\/photos-de-bonaire\/photos-de-plongee-sous-marine-a-bonaire\/\">\n\t\t\t<img width=\"700\" height=\"525\" src=\"https:\/\/coralparadise.com\/wp-content\/uploads\/2015\/05\/0022-700x5401-700x525.jpg\" class=\"attachment-ci_thumb size-ci_thumb wp-post-image\" alt=\"\" decoding=\"async\" loading=\"lazy\" srcset=\"https:\/\/coralparadise.com\/wp-content\/uploads\/2015\/05\/0022-700x5401.jpg 700w, https:\/\/coralparadise.com\/wp-content\/uploads\/2015\/05\/0022-700x5401-300x225.jpg 300w\" sizes=\"(max-width: 700px) 100vw, 700px\" \/>\t\t<\/a>\n\n\t\t\t<\/figure>\n\n\t<div class=\"item-content\">\n\t\t<a class=\"item-title btn\" href=\"https:\/\/coralparadise.com\/fr\/photos-de-bonaire\/photos-de-plongee-sous-marine-a-bonaire\/\">Photos de plong\u00e9e sous-marine \u00e0 Bonaire<\/a>\n\t\t\t<\/div>\n<\/div>\n\n<\/aside><\/div> <\/div><\/p>\n","protected":false},"excerpt":{"rendered":"<p>Remontons dans le pass\u00e9 : Voici quelques-unes des photos que nous avons prises ou que les invit\u00e9s nous ont donn\u00e9es. Notre slogan pourrait se traduire &#8221;Arrivez en tant que visiteurs, repartez en amis&#8221;. Nous esp\u00e9rons que vous appr\u00e9cierez !<\/p>\n","protected":false},"author":1,"featured_media":0,"parent":0,"menu_order":0,"comment_status":"closed","ping_status":"closed","template":"template-fullwidth.php","meta":[],"_links":{"self":[{"href":"https:\/\/coralparadise.com\/fr\/wp-json\/wp\/v2\/pages\/2562"}],"collection":[{"href":"https:\/\/coralparadise.com\/fr\/wp-json\/wp\/v2\/pages"}],"about":[{"href":"https:\/\/coralparadise.com\/fr\/wp-json\/wp\/v2\/types\/page"}],"author":[{"embeddable":true,"href":"https:\/\/coralparadise.com\/fr\/wp-json\/wp\/v2\/users\/1"}],"replies":[{"embeddable":true,"href":"https:\/\/coralparadise.com\/fr\/wp-json\/wp\/v2\/comments?post=2562"}],"version-history":[{"count":4,"href":"https:\/\/coralparadise.com\/fr\/wp-json\/wp\/v2\/pages\/2562\/revisions"}],"predecessor-version":[{"id":12288,"href":"https:\/\/coralparadise.com\/fr\/wp-json\/wp\/v2\/pages\/2562\/revisions\/12288"}],"wp:attachment":[{"href":"https:\/\/coralparadise.com\/fr\/wp-json\/wp\/v2\/media?parent=2562"}],"curies":[{"name":"wp","href":"https:\/\/api.w.org\/{rel}","templated":true}]}}